{"id":4131,"date":"2019-12-14T09:43:43","date_gmt":"2019-12-14T09:43:43","guid":{"rendered":"https:\/\/rosanna.gr\/?page_id=4131"},"modified":"2023-02-03T13:54:07","modified_gmt":"2023-02-03T13:54:07","slug":"studio-2-villa-rosanna-plataria","status":"publish","type":"page","link":"https:\/\/rosanna.gr\/demo\/plataria-sivota\/de\/studio-2-villa-rosanna-plataria\/","title":{"rendered":"Studio 2"},"content":{"rendered":"<p><a href=\"https:\/\/rosanna.gr\/wp-content\/uploads\/2019\/12\/DSC2061.jpg\"><img loading=\"lazy\" class=\"alignleft wp-image-3947 size-medium\" src=\"https:\/\/rosanna.gr\/wp-content\/uploads\/2019\/12\/DSC2061-340x227.jpg\" alt=\"\" width=\"340\" height=\"227\" \/><\/a>Die Studios Rosanna befinden sich im Fischerdorf Plataria direkt am Meer in West Griechenland. Sie liegen amOrtsrand jedoch nicht abgelegen. Das n\u00e4chste Restaurant ist in ca. 30m, die Promenade von Plataria ca. 100m, mit allen Einkaufsm\u00f6glichkeiten. N\u00e4chste Stadt Igoumenitsa (12 km). Wir sprechen: Deutsch, English, Griechish.<br \/>\nIhr Studio<br \/>\nIhr Studio besteht aus Schlafzimmer, einer Kochnische, Badezimmer und Terrasse. Alle W\u00e4nde sind wei\u00df gestrichen, die B\u00e4der T\u00fcrhoch gefliest. Das Haus besteht aus zwei Etagen. Im Erdgeschoss befindet sich eine Ferienwohnung und zwei Studios.<br \/>\nDie Studios haben einen gemeinsamen Eingangsflur, in de auch die gemeinsame Waschmaschine zur kostenlosen Nutzung der beiden steht. Im Stockwerk dar\u00fcber wohnen Ihre netten Vermieter die Familie Tsompolis, die auch deutsch und englisch sprechen.<br \/>\nJeweils 50 m rechts u. links des Hauses befinden sich kleinere Str\u00e4nde, 200 m weiter befindet sich der gro\u00dfe Strand von Plataria (ca. 1,5 km lang) Alle Str\u00e4nde in Plataria sind aus feinem Kies. Alle Studio haben Klima und Heizung im Winter<\/p>\n<p><strong>Ausstattungen der Studio<\/strong><\/p>\n<p>Die Zimmer bestehen aus 2 Einzelbetten die bei Bedarf auseinander geschoben werden k\u00f6nnen. Ein Reisebett kann auf Wunsch kostenlos dazugestellt und tags\u00fcber zusammengeklappt werden. Jedes Zimmer hat eine Schminkkommode mit angenehm gro\u00dfen Spiegel. F\u00fcr Ihre Kleidung gibt es einen zweit\u00fcrigen Schrank. Die Fenster und Balkont\u00fcren verf\u00fcgen \u00fcber integrierte Insektenrollos.<\/p>\n<p>K\u00fcche Einbauk\u00fcche mit Sp\u00fcle, Elektrokochplatten und Backofen, Kaffeemaschine, K\u00fchlschrank mit Gefrierfach, Fernseher. An Geschirr finden Sie alles ausreichend bis zur letzten Kleinigkeit. Badezimmer (Dusche) mit Waschmaschine zur kostenlosen Nutzung im Hausflur. \u00dcberdachte Terrassen, mit Blick aufs Meer, mit St\u00fchlen und einem Tisch, Sonnenschirm, Grill. Bettw\u00e4sche und Handt\u00fccher werden w\u00f6chentlich gestellt.<\/p>\n<p>&nbsp;<\/p>\n<table style=\"width: 98.1798%;\">\n<tbody>\n<tr>\n<td style=\"width: 24.1975%;\">F\u00fcr 2 Personen mit der M\u00f6glichkeit in der einen ein zus\u00e4tzliches Bett f\u00fcr eine dritte Person oder Kinder zuzustellen.<\/td>\n<td style=\"width: 12.8395%;\">V\u00f6llig ausger\u00fcstet mit K\u00fcche<\/td>\n<td style=\"width: 20.1235%;\">\u00a0Bad oder Dusche<\/td>\n<td style=\"width: 16.7901%;\">Terrasse mit Ausblick auf das Meer<\/td>\n<td style=\"width: 21.9753%;\">Satellitfernseher(alle deutschsprachigen Kan\u00e4le)<\/td>\n<\/tr>\n<tr>\n<td style=\"width: 24.1975%;\">Moskitonetz an den Balkont\u00fcren<\/td>\n<td style=\"width: 12.8395%;\">Minimum Aufenthalt 5 Tage<\/td>\n<td style=\"width: 20.1235%;\">Gratis gemeinn\u00fctzige Waschmaschine mit einem anderen Studio<\/td>\n<td style=\"width: 16.7901%;\">Grillgelegenheit<\/td>\n<td style=\"width: 21.9753%;\">Es werden kleine Hunde erlaubt<\/td>\n<\/tr>\n<tr>\n<td style=\"width: 24.1975%;\">Im Winter mit Heizung und M\u00f6glichkeit zum Vermieten pro Monat, nach Verst\u00e4ndigung<\/td>\n<td style=\"width: 12.8395%;\">Air Condition<\/td>\n<td style=\"width: 20.1235%;\">Kaffee-Maschine<\/td>\n<td style=\"width: 16.7901%;\">WLAN INTERNET ( Frei )<\/td>\n<td style=\"width: 21.9753%;\">Garten<\/td>\n<\/tr>\n<\/tbody>\n<\/table>\n<h3>[bookingcalendar type=4 nummonths=4 startmonth=&#8217;2020-01&#8242;]<\/h3>\n<h3>Preise<\/h3>\n<table class=\"table\" style=\"width: 32.7767%;\" border=\"0\" cellspacing=\"4\" cellpadding=\"4\">\n<tbody>\n<tr>\n<td style=\"width: 80.2676%;\"><strong>1 Juli bis 31 August<\/strong><\/td>\n<td style=\"width: 24.7492%;\"><strong>55 \u20ac<\/strong><\/td>\n<\/tr>\n<tr>\n<td style=\"width: 80.2676%;\"><strong>1 September bis 30 Juni<\/strong><br \/>\n<strong>15 <span class=\"tlid-translation translation\" lang=\"de\"><span class=\"\" title=\"\">Dezember<\/span><\/span> bis 15 <span class=\"tlid-translation translation\" lang=\"de\"><span class=\"\" title=\"\">Januar<\/span><\/span>\u00a0\u00a0\u00a0\u00a0\u00a0<\/strong><\/td>\n<td style=\"width: 24.7492%;\"><strong>40 \u20ac<\/strong><br \/>\n<strong>55 \u20ac<\/strong><\/td>\n<\/tr>\n<\/tbody>\n<\/table>\n<h3>Photo<\/h3>\n<style id=\"bwg-style-0\">    #bwg_container1_0 #bwg_container2_0 .bwg-container-0.bwg-standard-thumbnails {      width: 1254px;              justify-content: center;        margin:0 auto !important;              background-color: rgba(255, 255, 255, 0.00);            padding-left: 4px;      padding-top: 4px;      max-width: 100%;            }        #bwg_container1_0 #bwg_container2_0 .bwg-container-0.bwg-standard-thumbnails .bwg-item {    justify-content: flex-start;      max-width: 250px;          }    #bwg_container1_0 #bwg_container2_0 .bwg-container-0.bwg-standard-thumbnails .bwg-item a {       margin-right: 4px;       margin-bottom: 4px;    }    #bwg_container1_0 #bwg_container2_0 .bwg-container-0.bwg-standard-thumbnails .bwg-item0 {      padding: 0px;            background-color:rgba(0,0,0, 0.30);      border: 0px none #CCCCCC;      opacity: 1.00;      border-radius: 0;      box-shadow: ;    }    #bwg_container1_0 #bwg_container2_0 .bwg-container-0.bwg-standard-thumbnails .bwg-item1 img {      max-height: none;      max-width: none;      padding: 0 !important;    }         @media only screen and (min-width: 480px) {\t\t#bwg_container1_0 #bwg_container2_0 .bwg-container-0.bwg-standard-thumbnails .bwg-item1 img {\t\t\t-webkit-transition: all .3s; transition: all .3s;\t\t}\t\t#bwg_container1_0 #bwg_container2_0 .bwg-container-0.bwg-standard-thumbnails .bwg-item1 img:hover {\t\t\t-ms-transform: scale(1.08);\t\t\t-webkit-transform: scale(1.08);\t\t\ttransform: scale(1.08);\t\t}\t\t\t\t.bwg-standard-thumbnails .bwg-zoom-effect .bwg-zoom-effect-overlay {\t\t\t\t\t\tbackground-color:rgba(0,0,0, 0.3);\t\t}\t\t.bwg-standard-thumbnails .bwg-zoom-effect:hover img {\t\t\t-ms-transform: scale(1.08);\t\t\t-webkit-transform: scale(1.08);\t\t\ttransform: scale(1.08);\t\t}\t\t      }\t    #bwg_container1_0 #bwg_container2_0 .bwg-container-0.bwg-standard-thumbnails .bwg-item1 {      padding-top: 56%;    }        #bwg_container1_0 #bwg_container2_0 .bwg-container-0.bwg-standard-thumbnails .bwg-title1 {      position: absolute;      top: 0;      z-index: 100;      width: 100%;      height: 100%;      display: flex;      justify-content: center;      align-content: center;      flex-direction: column;      opacity: 0;    }\t      #bwg_container1_0 #bwg_container2_0 .bwg-container-0.bwg-standard-thumbnails .bwg-title2,    #bwg_container1_0 #bwg_container2_0 .bwg-container-0.bwg-standard-thumbnails .bwg-ecommerce2 {      color: #FFFFFF;      font-family: Ubuntu;      font-size: 16px;      font-weight: bold;      padding: 2px;      text-shadow: ;      max-height: 100%;    }    #bwg_container1_0 #bwg_container2_0 .bwg-container-0.bwg-standard-thumbnails .bwg-thumb-description span {    color: #323A45;    font-family: Ubuntu;    font-size: 12px;    max-height: 100%;    word-wrap: break-word;    }    #bwg_container1_0 #bwg_container2_0 .bwg-container-0.bwg-standard-thumbnails .bwg-play-icon2 {      font-size: 32px;    }    #bwg_container1_0 #bwg_container2_0 .bwg-container-0.bwg-standard-thumbnails .bwg-ecommerce2 {      font-size: 19.2px;      color: #323A45;    }    <\/style>    <div id=\"bwg_container1_0\"         class=\"bwg_container bwg_thumbnail bwg_thumbnails \"         data-right-click-protection=\"0\"         data-bwg=\"0\"         data-scroll=\"0\"         data-gallery-type=\"thumbnails\"         data-gallery-view-type=\"thumbnails\"         data-current-url=\"\/demo\/plataria-sivota\/wp-json\/wp\/v2\/pages\/4131\"         data-lightbox-url=\"https:\/\/rosanna.gr\/demo\/plataria-sivota\/wp-admin\/admin-ajax.php?action=GalleryBox&#038;current_view=0&#038;gallery_id=3&#038;tag=0&#038;theme_id=1&#038;shortcode_id=16&#038;sort_by=order&#038;order_by=asc&#038;current_url=%2Fdemo%2Fplataria-sivota%2Fwp-json%2Fwp%2Fv2%2Fpages%2F4131\"         data-gallery-id=\"3\"         data-popup-width=\"800\"         data-popup-height=\"500\"         data-is-album=\"gallery\"         data-buttons-position=\"bottom\">      <div id=\"bwg_container2_0\">             <div id=\"ajax_loading_0\" class=\"bwg_loading_div_1\">      <div class=\"bwg_loading_div_2\">        <div class=\"bwg_loading_div_3\">          <div id=\"loading_div_0\" class=\"bwg_spider_ajax_loading\">          <\/div>        <\/div>      <\/div>    <\/div>            <form id=\"gal_front_form_0\"              class=\"bwg-hidden\"              method=\"post\"              action=\"#\"              data-current=\"0\"              data-shortcode-id=\"16\"              data-gallery-type=\"thumbnails\"              data-gallery-id=\"3\"              data-tag=\"0\"              data-album-id=\"0\"              data-theme-id=\"1\"              data-ajax-url=\"https:\/\/rosanna.gr\/demo\/plataria-sivota\/wp-admin\/admin-ajax.php?action=bwg_frontend_data\">          <div id=\"bwg_container3_0\" class=\"bwg-background bwg-background-0\">                <div data-max-count=\"5\"         data-thumbnail-width=\"250\"         data-bwg=\"0\"         data-gallery-id=\"3\"         data-lightbox-url=\"https:\/\/rosanna.gr\/demo\/plataria-sivota\/wp-admin\/admin-ajax.php?action=GalleryBox&amp;current_view=0&amp;gallery_id=3&amp;tag=0&amp;theme_id=1&amp;shortcode_id=16&amp;sort_by=order&amp;order_by=asc&amp;current_url=%2Fdemo%2Fplataria-sivota%2Fwp-json%2Fwp%2Fv2%2Fpages%2F4131\"         id=\"bwg_thumbnails_0\"         class=\"bwg-container-0 bwg-thumbnails bwg-standard-thumbnails bwg-container bwg-border-box\">            <div class=\"bwg-item\">        <a class=\"bwg-a  bwg_lightbox\"  data-image-id=\"177\" href=\"https:\/\/rosanna.gr\/demo\/plataria-sivota\/wp-content\/uploads\/photo-gallery\/studio2\/IMG_20230131_140459.jpg?bwg=1675277809\" data-elementor-open-lightbox=\"no\">                <div class=\"bwg-item0 \">          <div class=\"bwg-item1 bwg-zoom-effect\">            <div class=\"bwg-item2\">              <img class=\"skip-lazy bwg_standart_thumb_img_0 \"                   data-id=\"177\"                   data-width=\"500.00\"                   data-height=\"375.00\"                   data-src=\"https:\/\/rosanna.gr\/demo\/plataria-sivota\/wp-content\/uploads\/photo-gallery\/studio2\/thumb\/IMG_20230131_140459.jpg?bwg=1675277809\"                   src=\"https:\/\/rosanna.gr\/demo\/plataria-sivota\/wp-content\/uploads\/photo-gallery\/studio2\/thumb\/IMG_20230131_140459.jpg?bwg=1675277809\"                   alt=\"Studio21\"                   title=\"Studio21\" \/>            <\/div>            <div class=\"bwg-zoom-effect-overlay\">              <div class=\"bwg-title1\"><div class=\"bwg-title2\">Studio21<\/div><\/div>                                        <\/div>          <\/div>        <\/div>                        <\/a>              <\/div>            <div class=\"bwg-item\">        <a class=\"bwg-a  bwg_lightbox\"  data-image-id=\"179\" href=\"https:\/\/rosanna.gr\/demo\/plataria-sivota\/wp-content\/uploads\/photo-gallery\/studio2\/IMG_20230131_140943.jpg?bwg=1675278045\" data-elementor-open-lightbox=\"no\">                <div class=\"bwg-item0 \">          <div class=\"bwg-item1 bwg-zoom-effect\">            <div class=\"bwg-item2\">              <img class=\"skip-lazy bwg_standart_thumb_img_0 \"                   data-id=\"179\"                   data-width=\"500.00\"                   data-height=\"225.00\"                   data-src=\"https:\/\/rosanna.gr\/demo\/plataria-sivota\/wp-content\/uploads\/photo-gallery\/studio2\/thumb\/IMG_20230131_140943.jpg?bwg=1675278045\"                   src=\"https:\/\/rosanna.gr\/demo\/plataria-sivota\/wp-content\/uploads\/photo-gallery\/studio2\/thumb\/IMG_20230131_140943.jpg?bwg=1675278045\"                   alt=\"Studio22\"                   title=\"Studio22\" \/>            <\/div>            <div class=\"bwg-zoom-effect-overlay\">              <div class=\"bwg-title1\"><div class=\"bwg-title2\">Studio22<\/div><\/div>                                        <\/div>          <\/div>        <\/div>                        <\/a>              <\/div>            <div class=\"bwg-item\">        <a class=\"bwg-a  bwg_lightbox\"  data-image-id=\"178\" href=\"https:\/\/rosanna.gr\/demo\/plataria-sivota\/wp-content\/uploads\/photo-gallery\/studio2\/k25.jpg?bwg=1675277887\" data-elementor-open-lightbox=\"no\">                <div class=\"bwg-item0 \">          <div class=\"bwg-item1 bwg-zoom-effect\">            <div class=\"bwg-item2\">              <img class=\"skip-lazy bwg_standart_thumb_img_0 \"                   data-id=\"178\"                   data-width=\"375.00\"                   data-height=\"500.00\"                   data-src=\"https:\/\/rosanna.gr\/demo\/plataria-sivota\/wp-content\/uploads\/photo-gallery\/studio2\/thumb\/k25.jpg?bwg=1675277887\"                   src=\"https:\/\/rosanna.gr\/demo\/plataria-sivota\/wp-content\/uploads\/photo-gallery\/studio2\/thumb\/k25.jpg?bwg=1675277887\"                   alt=\"Kouzina\"                   title=\"Kouzina\" \/>            <\/div>            <div class=\"bwg-zoom-effect-overlay\">              <div class=\"bwg-title1\"><div class=\"bwg-title2\">Kouzina<\/div><\/div>                                        <\/div>          <\/div>        <\/div>                        <\/a>              <\/div>            <div class=\"bwg-item\">        <a class=\"bwg-a  bwg_lightbox\"  data-image-id=\"32\" href=\"https:\/\/rosanna.gr\/demo\/plataria-sivota\/wp-content\/uploads\/photo-gallery\/studio2\/_DSC2061.jpg?bwg=1575617373\" data-elementor-open-lightbox=\"no\">                <div class=\"bwg-item0 \">          <div class=\"bwg-item1 bwg-zoom-effect\">            <div class=\"bwg-item2\">              <img class=\"skip-lazy bwg_standart_thumb_img_0 \"                   data-id=\"32\"                   data-width=\"800\"                   data-height=\"534\"                   data-src=\"https:\/\/rosanna.gr\/demo\/plataria-sivota\/wp-content\/uploads\/photo-gallery\/studio2\/thumb\/_DSC2061.jpg?bwg=1575617373\"                   src=\"https:\/\/rosanna.gr\/demo\/plataria-sivota\/wp-content\/uploads\/photo-gallery\/studio2\/thumb\/_DSC2061.jpg?bwg=1575617373\"                   alt=\"Yard1\"                   title=\"Yard1\" \/>            <\/div>            <div class=\"bwg-zoom-effect-overlay\">              <div class=\"bwg-title1\"><div class=\"bwg-title2\">Yard1<\/div><\/div>                                        <\/div>          <\/div>        <\/div>                        <\/a>              <\/div>            <div class=\"bwg-item\">        <a class=\"bwg-a  bwg_lightbox\"  data-image-id=\"182\" href=\"https:\/\/rosanna.gr\/demo\/plataria-sivota\/wp-content\/uploads\/photo-gallery\/studio2\/a26.jpg?bwg=1675279446\" data-elementor-open-lightbox=\"no\">                <div class=\"bwg-item0 \">          <div class=\"bwg-item1 bwg-zoom-effect\">            <div class=\"bwg-item2\">              <img class=\"skip-lazy bwg_standart_thumb_img_0 \"                   data-id=\"182\"                   data-width=\"500.00\"                   data-height=\"225.00\"                   data-src=\"https:\/\/rosanna.gr\/demo\/plataria-sivota\/wp-content\/uploads\/photo-gallery\/studio2\/thumb\/a26.jpg?bwg=1675279446\"                   src=\"https:\/\/rosanna.gr\/demo\/plataria-sivota\/wp-content\/uploads\/photo-gallery\/studio2\/thumb\/a26.jpg?bwg=1675279446\"                   alt=\"Yard2\"                   title=\"Yard2\" \/>            <\/div>            <div class=\"bwg-zoom-effect-overlay\">              <div class=\"bwg-title1\"><div class=\"bwg-title2\">Yard2<\/div><\/div>                                        <\/div>          <\/div>        <\/div>                        <\/a>              <\/div>            <div class=\"bwg-item\">        <a class=\"bwg-a  bwg_lightbox\"  data-image-id=\"181\" href=\"https:\/\/rosanna.gr\/demo\/plataria-sivota\/wp-content\/uploads\/photo-gallery\/studio2\/a22.jpg?bwg=1675279334\" data-elementor-open-lightbox=\"no\">                <div class=\"bwg-item0 \">          <div class=\"bwg-item1 bwg-zoom-effect\">            <div class=\"bwg-item2\">              <img class=\"skip-lazy bwg_standart_thumb_img_0 \"                   data-id=\"181\"                   data-width=\"500.00\"                   data-height=\"375.00\"                   data-src=\"https:\/\/rosanna.gr\/demo\/plataria-sivota\/wp-content\/uploads\/photo-gallery\/studio2\/thumb\/a22.jpg?bwg=1675279334\"                   src=\"https:\/\/rosanna.gr\/demo\/plataria-sivota\/wp-content\/uploads\/photo-gallery\/studio2\/thumb\/a22.jpg?bwg=1675279334\"                   alt=\"Yard3\"                   title=\"Yard3\" \/>            <\/div>            <div class=\"bwg-zoom-effect-overlay\">              <div class=\"bwg-title1\"><div class=\"bwg-title2\">Yard3<\/div><\/div>                                        <\/div>          <\/div>        <\/div>                        <\/a>              <\/div>          <\/div>              <\/div>        <\/form>        <style>          #bwg_container1_0 #bwg_container2_0 #spider_popup_overlay_0 {          background-color: #EEEEEE;          opacity: 0.60;          }          <\/style>        <div id=\"bwg_spider_popup_loading_0\" class=\"bwg_spider_popup_loading\"><\/div>        <div id=\"spider_popup_overlay_0\" class=\"spider_popup_overlay\" onclick=\"spider_destroypopup(1000)\"><\/div>        <input type=\"hidden\" id=\"bwg_random_seed_0\" value=\"1045783201\">                <\/div>    <\/div>    <script>      if (document.readyState === 'complete') {        if( typeof bwg_main_ready == 'function' ) {          if ( jQuery(\"#bwg_container1_0\").height() ) {            bwg_main_ready(jQuery(\"#bwg_container1_0\"));          }        }      } else {        document.addEventListener('DOMContentLoaded', function() {          if( typeof bwg_main_ready == 'function' ) {            if ( jQuery(\"#bwg_container1_0\").height() ) {             bwg_main_ready(jQuery(\"#bwg_container1_0\"));            }          }        });      }    <\/script>    \n    <!-- sktbuilder starter --><script type=\"text\/javascript\" src=\"https:\/\/rosanna.gr\/demo\/plataria-sivota\/wp-content\/plugins\/skt-builder\/sktbuilder\/sktbuilder-frontend-starter.js\"><\/script><script type=\"text\/javascript\" src=\"https:\/\/rosanna.gr\/demo\/plataria-sivota\/wp-content\/plugins\/skt-builder\/sktbuilder-wordpress-driver.js\"><\/script><script type=\"text\/javascript\"> var starter = new SktbuilderStarter({\"mode\": \"prod\", \"skip\":[\"jquery\",\"underscore\",\"backbone\"],\"sktbuilderUrl\": \"https:\/\/rosanna.gr\/demo\/plataria-sivota\/wp-content\/plugins\/skt-builder\/sktbuilder\/\", \"driver\": new SktbuilderWordpressDriver({\"ajaxUrl\": \"https:\/\/rosanna.gr\/demo\/plataria-sivota\/wp-admin\/admin-ajax.php\", \"iframeUrl\": \"https:\/\/rosanna.gr\/demo\/plataria-sivota\/de\/studio-2-villa-rosanna-plataria\/?sktbuilder=true\", \"pageId\": 4131, \"pages\": [{\"title\":\"Rosanna\",\"url\":\"https:\\\/\\\/rosanna.gr\\\/demo\\\/plataria-sivota\\\/wp-admin\\\/post.php?post=3744&action=sktbuilder\"},{\"title\":\"\\u0394\\u03b9\\u03b1\\u03bc\\u03ad\\u03c1\\u03b9\\u03c3\\u03bc\\u03b1-1 (6 \\u03b1\\u03c4\\u03cc\\u03bc\\u03c9\\u03bd)\",\"url\":\"https:\\\/\\\/rosanna.gr\\\/demo\\\/plataria-sivota\\\/wp-admin\\\/post.php?post=3753&action=sktbuilder\"},{\"title\":\"home\",\"url\":\"https:\\\/\\\/rosanna.gr\\\/demo\\\/plataria-sivota\\\/wp-admin\\\/post.php?post=3766&action=sktbuilder\"},{\"title\":\"Studio2\",\"url\":\"https:\\\/\\\/rosanna.gr\\\/demo\\\/plataria-sivota\\\/wp-admin\\\/post.php?post=3801&action=sktbuilder\"},{\"title\":\"Studio 1\",\"url\":\"https:\\\/\\\/rosanna.gr\\\/demo\\\/plataria-sivota\\\/wp-admin\\\/post.php?post=3876&action=sktbuilder\"}], \"page\": \"Studio 2\" }) });<\/script><!-- end sktbuilder starter -->","protected":false},"excerpt":{"rendered":"<p>Die Studios Rosanna befinden sich im Fischerdorf Plataria direkt am Meer in West Griechenland. Sie [&hellip;]<\/p>\n","protected":false},"author":1,"featured_media":4659,"parent":0,"menu_order":0,"comment_status":"closed","ping_status":"closed","template":"","meta":[],"yoast_head":"<!-- This site is optimized with the Yoast SEO plugin v16.3 - https:\/\/yoast.com\/wordpress\/plugins\/seo\/ -->\n<title>Studio 2 - Ro<\/title>\n<meta name=\"description\" content=\"Die Studios Rosanna befinden sich im Fischerdorf Plataria direkt am Meer in West Griechenland. Sie liegen amOrtsrand jedoch nicht abgelegen.\" \/>\n<meta name=\"robots\" content=\"index, follow, max-snippet:-1, max-image-preview:large, max-video-preview:-1\" \/>\n<link rel=\"canonical\" href=\"https:\/\/rosanna.gr\/demo\/plataria-sivota\/de\/studio-2-villa-rosanna-plataria\/\" \/>\n<meta property=\"og:locale\" content=\"en_US\" \/>\n<meta property=\"og:type\" content=\"article\" \/>\n<meta property=\"og:title\" content=\"Studio 2 - Ro\" \/>\n<meta property=\"og:description\" content=\"Die Studios Rosanna befinden sich im Fischerdorf Plataria direkt am Meer in West Griechenland. Sie liegen amOrtsrand jedoch nicht abgelegen.\" \/>\n<meta property=\"og:url\" content=\"https:\/\/rosanna.gr\/demo\/plataria-sivota\/de\/studio-2-villa-rosanna-plataria\/\" \/>\n<meta property=\"og:site_name\" content=\"Ro\" \/>\n<meta property=\"article:modified_time\" content=\"2023-02-03T13:54:07+00:00\" \/>\n<meta property=\"og:image\" content=\"https:\/\/rosanna.gr\/demo\/plataria-sivota\/wp-content\/uploads\/2023\/02\/PANO_20230131_141633-scaled.jpg\" \/>\n\t<meta property=\"og:image:width\" content=\"2560\" \/>\n\t<meta property=\"og:image:height\" content=\"686\" \/>\n<meta name=\"twitter:card\" content=\"summary_large_image\" \/>\n<meta name=\"twitter:label1\" content=\"Est. reading time\">\n\t<meta name=\"twitter:data1\" content=\"2 minutes\">\n<script type=\"application\/ld+json\" class=\"yoast-schema-graph\">{\"@context\":\"https:\/\/schema.org\",\"@graph\":[{\"@type\":\"WebSite\",\"@id\":\"https:\/\/rosanna.gr\/demo\/plataria-sivota\/#website\",\"url\":\"https:\/\/rosanna.gr\/demo\/plataria-sivota\/\",\"name\":\"Ro\",\"description\":\"\",\"potentialAction\":[{\"@type\":\"SearchAction\",\"target\":\"https:\/\/rosanna.gr\/demo\/plataria-sivota\/?s={search_term_string}\",\"query-input\":\"required name=search_term_string\"}],\"inLanguage\":\"en-US\"},{\"@type\":\"ImageObject\",\"@id\":\"https:\/\/rosanna.gr\/demo\/plataria-sivota\/de\/studio-2-villa-rosanna-plataria\/#primaryimage\",\"inLanguage\":\"en-US\",\"url\":\"https:\/\/rosanna.gr\/demo\/plataria-sivota\/wp-content\/uploads\/2023\/02\/PANO_20230131_141633-scaled.jpg\",\"contentUrl\":\"https:\/\/rosanna.gr\/demo\/plataria-sivota\/wp-content\/uploads\/2023\/02\/PANO_20230131_141633-scaled.jpg\",\"width\":2560,\"height\":686},{\"@type\":\"WebPage\",\"@id\":\"https:\/\/rosanna.gr\/demo\/plataria-sivota\/de\/studio-2-villa-rosanna-plataria\/#webpage\",\"url\":\"https:\/\/rosanna.gr\/demo\/plataria-sivota\/de\/studio-2-villa-rosanna-plataria\/\",\"name\":\"Studio 2 - Ro\",\"isPartOf\":{\"@id\":\"https:\/\/rosanna.gr\/demo\/plataria-sivota\/#website\"},\"primaryImageOfPage\":{\"@id\":\"https:\/\/rosanna.gr\/demo\/plataria-sivota\/de\/studio-2-villa-rosanna-plataria\/#primaryimage\"},\"datePublished\":\"2019-12-14T09:43:43+00:00\",\"dateModified\":\"2023-02-03T13:54:07+00:00\",\"description\":\"Die Studios Rosanna befinden sich im Fischerdorf Plataria direkt am Meer in West Griechenland. Sie liegen amOrtsrand jedoch nicht abgelegen.\",\"breadcrumb\":{\"@id\":\"https:\/\/rosanna.gr\/demo\/plataria-sivota\/de\/studio-2-villa-rosanna-plataria\/#breadcrumb\"},\"inLanguage\":\"en-US\",\"potentialAction\":[{\"@type\":\"ReadAction\",\"target\":[\"https:\/\/rosanna.gr\/demo\/plataria-sivota\/de\/studio-2-villa-rosanna-plataria\/\"]}]},{\"@type\":\"BreadcrumbList\",\"@id\":\"https:\/\/rosanna.gr\/demo\/plataria-sivota\/de\/studio-2-villa-rosanna-plataria\/#breadcrumb\",\"itemListElement\":[{\"@type\":\"ListItem\",\"position\":1,\"item\":{\"@type\":\"WebPage\",\"@id\":\"https:\/\/rosanna.gr\/\/plataria-sivota\/\",\"url\":\"https:\/\/rosanna.gr\/\/plataria-sivota\/\",\"name\":\"Home\"}},{\"@type\":\"ListItem\",\"position\":2,\"item\":{\"@id\":\"https:\/\/rosanna.gr\/demo\/plataria-sivota\/de\/studio-2-villa-rosanna-plataria\/#webpage\"}}]}]}<\/script>\n<!-- \/ Yoast SEO plugin. -->","rttpg_featured_image_url":{"full":["https:\/\/rosanna.gr\/demo\/plataria-sivota\/wp-content\/uploads\/2023\/02\/PANO_20230131_141633-scaled.jpg",2560,686,false],"landscape":["https:\/\/rosanna.gr\/demo\/plataria-sivota\/wp-content\/uploads\/2023\/02\/PANO_20230131_141633-scaled.jpg",2560,686,false],"portraits":["https:\/\/rosanna.gr\/demo\/plataria-sivota\/wp-content\/uploads\/2023\/02\/PANO_20230131_141633-scaled.jpg",2560,686,false],"thumbnail":["https:\/\/rosanna.gr\/demo\/plataria-sivota\/wp-content\/uploads\/2023\/02\/PANO_20230131_141633-150x150.jpg",150,150,true],"medium":["https:\/\/rosanna.gr\/demo\/plataria-sivota\/wp-content\/uploads\/2023\/02\/PANO_20230131_141633-340x91.jpg",340,91,true],"large":["https:\/\/rosanna.gr\/demo\/plataria-sivota\/wp-content\/uploads\/2023\/02\/PANO_20230131_141633-1024x274.jpg",640,171,true],"1536x1536":["https:\/\/rosanna.gr\/demo\/plataria-sivota\/wp-content\/uploads\/2023\/02\/PANO_20230131_141633-1536x411.jpg",1536,411,true],"2048x2048":["https:\/\/rosanna.gr\/demo\/plataria-sivota\/wp-content\/uploads\/2023\/02\/PANO_20230131_141633-2048x549.jpg",2048,549,true]},"rttpg_author":{"display_name":"Asjnx_shbh6Fds3","author_link":"https:\/\/rosanna.gr\/demo\/plataria-sivota\/author\/asjnx_shbh6fds3\/"},"rttpg_comment":0,"rttpg_category":" <a href=\"https:\/\/rosanna.gr\/demo\/plataria-sivota\/de\/\" rel=\"tag\">Deutsch<\/a>","rttpg_excerpt":"Die Studios Rosanna befinden sich im Fischerdorf Plataria direkt am Meer in West Griechenland. Sie [&hellip;]","_links":{"self":[{"href":"https:\/\/rosanna.gr\/demo\/plataria-sivota\/wp-json\/wp\/v2\/pages\/4131"}],"collection":[{"href":"https:\/\/rosanna.gr\/demo\/plataria-sivota\/wp-json\/wp\/v2\/pages"}],"about":[{"href":"https:\/\/rosanna.gr\/demo\/plataria-sivota\/wp-json\/wp\/v2\/types\/page"}],"author":[{"embeddable":true,"href":"https:\/\/rosanna.gr\/demo\/plataria-sivota\/wp-json\/wp\/v2\/users\/1"}],"replies":[{"embeddable":true,"href":"https:\/\/rosanna.gr\/demo\/plataria-sivota\/wp-json\/wp\/v2\/comments?post=4131"}],"version-history":[{"count":6,"href":"https:\/\/rosanna.gr\/demo\/plataria-sivota\/wp-json\/wp\/v2\/pages\/4131\/revisions"}],"predecessor-version":[{"id":4562,"href":"https:\/\/rosanna.gr\/demo\/plataria-sivota\/wp-json\/wp\/v2\/pages\/4131\/revisions\/4562"}],"wp:featuredmedia":[{"embeddable":true,"href":"https:\/\/rosanna.gr\/demo\/plataria-sivota\/wp-json\/wp\/v2\/media\/4659"}],"wp:attachment":[{"href":"https:\/\/rosanna.gr\/demo\/plataria-sivota\/wp-json\/wp\/v2\/media?parent=4131"}],"curies":[{"name":"wp","href":"https:\/\/api.w.org\/{rel}","templated":true}]}}