{"id":4182,"date":"2019-12-16T07:52:01","date_gmt":"2019-12-16T07:52:01","guid":{"rendered":"https:\/\/rosanna.gr\/?page_id=4182"},"modified":"2023-02-04T07:37:33","modified_gmt":"2023-02-04T07:37:33","slug":"villa-rosanna-3","status":"publish","type":"page","link":"https:\/\/rosanna.gr\/demo\/plataria-sivota\/it\/foto-2\/villa-rosanna-3\/","title":{"rendered":"Villa Rosanna"},"content":{"rendered":"<div id=\"skt-builder-image-text-block-31\" class=\"skt-builder-block-wrapper skt-builder-image-text-block skt-builder-image-text-block-31\" style=\"background-color: #ffffff; background-image: url(); padding-bottom: 0px; padding-top: 60px; \">\r\n\t<div class=\"skt-builder-block-inner skt-builder-block-inner-31\" style=\"\">\r\n\t\t<div class=\"skt-builder-container\">\r\n\t\t\t<div class=\"skt-builder-columns-row skt-builder-columns-row-2column\">\r\n\t\t\t\t\t<div class=\"skt-builder-column\">\r\n\t\t\t\t\t\t\t<div class=\"skt-builder-column-inner\"><img src=\"https:\/\/rosanna.gr\/wp-content\/uploads\/2019\/12\/VillaRosanna3.jpg\"><\/div>\r\n\t\t\t\t\t<\/div>\r\n\t\t\t\t\t<div class=\"skt-builder-column\">\r\n\t\t\t\t\t\t\t<div class=\"skt-builder-block-title\">\r\n\t\t\t\t\t\t\t\t<h2 style=\"color: #282828; text-align: left;\">Appartamento &amp; Studios Rosanna<\/h2>\r\n\t\t\t\t\t\t\t<\/div>\r\n\t\t\t\t\t\t\t<div class=\"skt-builder-column-inner\"><p>La struttura(foto)&nbsp;\u00e8 situata esattamente nella marina di Plataria. Ha una vista panoramica ed \u00e8 contraddistinta dalla tranquillit\u00e0. Dispone di un grande cortile formato su livelli con prato e molti fiori. Ha una vastissima vista verso il mare (e la montagna) ed inoltre l' aria fresca completa questo piacevole ambiente. Particolarmente ammirabile \u00e8 il tramonto.<\/p><p><br><\/p><p><br><\/p><p><br><\/p><p>La struttura \u00e8 a due piani. Nel piano terreno si trova un appartamento a tre camere e due mini appartamenti. Al primo piano abitano i proprietari. La Signora Rosanna \u00e8 cresciuta ed ha studiato in Germania e parla benissimo il tedesco. Inoltre, i figli di Rosanna, Nikos e Leonida, parlano l' inglese.<\/p><\/div>\r\n\t\t\t\t\t<\/div>\r\n\t\t\t<\/div>\r\n\t\t<\/div>\r\n\t<\/div>\r\n<\/div>\r\n<div id=\"skt-builder-image-text-block-93\" class=\"skt-builder-block-wrapper skt-builder-image-text-block skt-builder-image-text-block-93\" style=\"background-color: #ffffff; background-image: url(); padding-bottom: 0px; padding-top: 0px; \">\r\n\t<div class=\"skt-builder-block-inner skt-builder-block-inner-93\" style=\"\">\r\n\t\t<div class=\"skt-builder-container\">\r\n\t\t\t<div class=\"skt-builder-columns-row skt-builder-columns-row-2column\">\r\n\t\t\t\t\t<div class=\"skt-builder-column\">\r\n\t\t\t\t\t\t\t<div class=\"skt-builder-column-inner\"><p>A destra ed a sinistra della casa, a 50 m, si trovano piccole spiagge sabbiose adatte al bagno. Inoltre la marina d \u03b9 Plataria pu\u00f2 ospitare la vostra imbarcazione senza alcun onere economico. Plataria dispone di tre super-market, taverne che servono il pesce fresco ed altre squisite pietanze. Vi sono ouzerie, belle caffetterie per caff\u00e8 o bevande, pizzeria. Inoltre vi sono due forni. Igoumenitza dista dalla zona 12 chilometri, cos\u00ec come Sivota.<\/p><\/div>\r\n\t\t\t\t\t<\/div>\r\n\t\t\t\t\t<div class=\"skt-builder-column\">\r\n\t\t\t\t\t\t\t<div class=\"skt-builder-column-inner\"><img src=\"https:\/\/rosanna.gr\/wp-content\/uploads\/2019\/12\/villa-rosanna-plataria09-1.jpg\"><\/div>\r\n\t\t\t\t\t<\/div>\r\n\t\t\t<\/div>\r\n\t\t<\/div>\r\n\t<\/div>\r\n<\/div>    <!-- sktbuilder starter --><script type=\"text\/javascript\" src=\"https:\/\/rosanna.gr\/demo\/plataria-sivota\/wp-content\/plugins\/skt-builder\/sktbuilder\/sktbuilder-frontend-starter.js\"><\/script><script type=\"text\/javascript\" src=\"https:\/\/rosanna.gr\/demo\/plataria-sivota\/wp-content\/plugins\/skt-builder\/sktbuilder-wordpress-driver.js\"><\/script><script type=\"text\/javascript\"> var starter = new SktbuilderStarter({\"mode\": \"prod\", \"skip\":[\"jquery\",\"underscore\",\"backbone\"],\"sktbuilderUrl\": \"https:\/\/rosanna.gr\/demo\/plataria-sivota\/wp-content\/plugins\/skt-builder\/sktbuilder\/\", \"driver\": new SktbuilderWordpressDriver({\"ajaxUrl\": \"https:\/\/rosanna.gr\/demo\/plataria-sivota\/wp-admin\/admin-ajax.php\", \"iframeUrl\": \"https:\/\/rosanna.gr\/demo\/plataria-sivota\/it\/foto-2\/villa-rosanna-3\/?sktbuilder=true\", \"pageId\": 4182, \"pages\": [{\"title\":\"Rosanna\",\"url\":\"https:\\\/\\\/rosanna.gr\\\/demo\\\/plataria-sivota\\\/wp-admin\\\/post.php?post=3744&action=sktbuilder\"},{\"title\":\"\\u0394\\u03b9\\u03b1\\u03bc\\u03ad\\u03c1\\u03b9\\u03c3\\u03bc\\u03b1-1 (6 \\u03b1\\u03c4\\u03cc\\u03bc\\u03c9\\u03bd)\",\"url\":\"https:\\\/\\\/rosanna.gr\\\/demo\\\/plataria-sivota\\\/wp-admin\\\/post.php?post=3753&action=sktbuilder\"},{\"title\":\"home\",\"url\":\"https:\\\/\\\/rosanna.gr\\\/demo\\\/plataria-sivota\\\/wp-admin\\\/post.php?post=3766&action=sktbuilder\"},{\"title\":\"Studio2\",\"url\":\"https:\\\/\\\/rosanna.gr\\\/demo\\\/plataria-sivota\\\/wp-admin\\\/post.php?post=3801&action=sktbuilder\"},{\"title\":\"Studio 1\",\"url\":\"https:\\\/\\\/rosanna.gr\\\/demo\\\/plataria-sivota\\\/wp-admin\\\/post.php?post=3876&action=sktbuilder\"}], \"page\": \"Villa Rosanna\" }) });<\/script><!-- end sktbuilder starter -->","protected":false},"excerpt":{"rendered":"<p>Appartamento &amp; Studios Rosanna La struttura(foto)&nbsp;\u00e8 situata esattamente nella marina di Plataria. Ha una vista [&hellip;]<\/p>\n","protected":false},"author":1,"featured_media":3763,"parent":4191,"menu_order":0,"comment_status":"closed","ping_status":"closed","template":"","meta":[],"yoast_head":"<!-- This site is optimized with the Yoast SEO plugin v16.3 - https:\/\/yoast.com\/wordpress\/plugins\/seo\/ -->\n<title>Villa Rosanna - Ro<\/title>\n<meta name=\"robots\" content=\"index, follow, max-snippet:-1, max-image-preview:large, max-video-preview:-1\" \/>\n<link rel=\"canonical\" href=\"https:\/\/rosanna.gr\/demo\/plataria-sivota\/it\/foto-2\/villa-rosanna-3\/\" \/>\n<meta property=\"og:locale\" content=\"en_US\" \/>\n<meta property=\"og:type\" content=\"article\" \/>\n<meta property=\"og:title\" content=\"Villa Rosanna - Ro\" \/>\n<meta property=\"og:description\" content=\"Appartamento &amp; Studios Rosanna La struttura(foto)&nbsp;\u00e8 situata esattamente nella marina di Plataria. Ha una vista [&hellip;]\" \/>\n<meta property=\"og:url\" content=\"https:\/\/rosanna.gr\/demo\/plataria-sivota\/it\/foto-2\/villa-rosanna-3\/\" \/>\n<meta property=\"og:site_name\" content=\"Ro\" \/>\n<meta property=\"article:modified_time\" content=\"2023-02-04T07:37:33+00:00\" \/>\n<meta property=\"og:image\" content=\"https:\/\/rosanna.gr\/demo\/plataria-sivota\/wp-content\/uploads\/2019\/12\/limani.jpg\" \/>\n\t<meta property=\"og:image:width\" content=\"1400\" \/>\n\t<meta property=\"og:image:height\" content=\"739\" \/>\n<meta name=\"twitter:card\" content=\"summary_large_image\" \/>\n<meta name=\"twitter:label1\" content=\"Est. reading time\">\n\t<meta name=\"twitter:data1\" content=\"1 minute\">\n<script type=\"application\/ld+json\" class=\"yoast-schema-graph\">{\"@context\":\"https:\/\/schema.org\",\"@graph\":[{\"@type\":\"WebSite\",\"@id\":\"https:\/\/rosanna.gr\/demo\/plataria-sivota\/#website\",\"url\":\"https:\/\/rosanna.gr\/demo\/plataria-sivota\/\",\"name\":\"Ro\",\"description\":\"\",\"potentialAction\":[{\"@type\":\"SearchAction\",\"target\":\"https:\/\/rosanna.gr\/demo\/plataria-sivota\/?s={search_term_string}\",\"query-input\":\"required name=search_term_string\"}],\"inLanguage\":\"en-US\"},{\"@type\":\"ImageObject\",\"@id\":\"https:\/\/rosanna.gr\/demo\/plataria-sivota\/it\/foto-2\/villa-rosanna-3\/#primaryimage\",\"inLanguage\":\"en-US\",\"url\":\"https:\/\/rosanna.gr\/demo\/plataria-sivota\/wp-content\/uploads\/2019\/12\/limani.jpg\",\"contentUrl\":\"https:\/\/rosanna.gr\/demo\/plataria-sivota\/wp-content\/uploads\/2019\/12\/limani.jpg\",\"width\":1400,\"height\":739},{\"@type\":\"WebPage\",\"@id\":\"https:\/\/rosanna.gr\/demo\/plataria-sivota\/it\/foto-2\/villa-rosanna-3\/#webpage\",\"url\":\"https:\/\/rosanna.gr\/demo\/plataria-sivota\/it\/foto-2\/villa-rosanna-3\/\",\"name\":\"Villa Rosanna - Ro\",\"isPartOf\":{\"@id\":\"https:\/\/rosanna.gr\/demo\/plataria-sivota\/#website\"},\"primaryImageOfPage\":{\"@id\":\"https:\/\/rosanna.gr\/demo\/plataria-sivota\/it\/foto-2\/villa-rosanna-3\/#primaryimage\"},\"datePublished\":\"2019-12-16T07:52:01+00:00\",\"dateModified\":\"2023-02-04T07:37:33+00:00\",\"breadcrumb\":{\"@id\":\"https:\/\/rosanna.gr\/demo\/plataria-sivota\/it\/foto-2\/villa-rosanna-3\/#breadcrumb\"},\"inLanguage\":\"en-US\",\"potentialAction\":[{\"@type\":\"ReadAction\",\"target\":[\"https:\/\/rosanna.gr\/demo\/plataria-sivota\/it\/foto-2\/villa-rosanna-3\/\"]}]},{\"@type\":\"BreadcrumbList\",\"@id\":\"https:\/\/rosanna.gr\/demo\/plataria-sivota\/it\/foto-2\/villa-rosanna-3\/#breadcrumb\",\"itemListElement\":[{\"@type\":\"ListItem\",\"position\":1,\"item\":{\"@type\":\"WebPage\",\"@id\":\"https:\/\/rosanna.gr\/\/plataria-sivota\/\",\"url\":\"https:\/\/rosanna.gr\/\/plataria-sivota\/\",\"name\":\"Home\"}},{\"@type\":\"ListItem\",\"position\":2,\"item\":{\"@type\":\"WebPage\",\"@id\":\"https:\/\/rosanna.gr\/demo\/plataria-sivota\/it\/foto-2\/\",\"url\":\"https:\/\/rosanna.gr\/demo\/plataria-sivota\/it\/foto-2\/\",\"name\":\"Foto\"}},{\"@type\":\"ListItem\",\"position\":3,\"item\":{\"@id\":\"https:\/\/rosanna.gr\/demo\/plataria-sivota\/it\/foto-2\/villa-rosanna-3\/#webpage\"}}]}]}<\/script>\n<!-- \/ Yoast SEO plugin. -->","rttpg_featured_image_url":{"full":["https:\/\/rosanna.gr\/demo\/plataria-sivota\/wp-content\/uploads\/2019\/12\/limani.jpg",1400,739,false],"landscape":["https:\/\/rosanna.gr\/demo\/plataria-sivota\/wp-content\/uploads\/2019\/12\/limani.jpg",1400,739,false],"portraits":["https:\/\/rosanna.gr\/demo\/plataria-sivota\/wp-content\/uploads\/2019\/12\/limani.jpg",1400,739,false],"thumbnail":["https:\/\/rosanna.gr\/demo\/plataria-sivota\/wp-content\/uploads\/2019\/12\/limani-150x150.jpg",150,150,true],"medium":["https:\/\/rosanna.gr\/demo\/plataria-sivota\/wp-content\/uploads\/2019\/12\/limani-340x179.jpg",340,179,true],"large":["https:\/\/rosanna.gr\/demo\/plataria-sivota\/wp-content\/uploads\/2019\/12\/limani-1024x541.jpg",640,338,true],"1536x1536":["https:\/\/rosanna.gr\/demo\/plataria-sivota\/wp-content\/uploads\/2019\/12\/limani.jpg",1400,739,false],"2048x2048":["https:\/\/rosanna.gr\/demo\/plataria-sivota\/wp-content\/uploads\/2019\/12\/limani.jpg",1400,739,false]},"rttpg_author":{"display_name":"Asjnx_shbh6Fds3","author_link":"https:\/\/rosanna.gr\/demo\/plataria-sivota\/author\/asjnx_shbh6fds3\/"},"rttpg_comment":0,"rttpg_category":" <a href=\"https:\/\/rosanna.gr\/demo\/plataria-sivota\/it\/\" rel=\"tag\">Italiano<\/a>","rttpg_excerpt":"Appartamento &amp; Studios Rosanna La struttura(foto)&nbsp;\u00e8 situata esattamente nella marina di Plataria. Ha una vista [&hellip;]","_links":{"self":[{"href":"https:\/\/rosanna.gr\/demo\/plataria-sivota\/wp-json\/wp\/v2\/pages\/4182"}],"collection":[{"href":"https:\/\/rosanna.gr\/demo\/plataria-sivota\/wp-json\/wp\/v2\/pages"}],"about":[{"href":"https:\/\/rosanna.gr\/demo\/plataria-sivota\/wp-json\/wp\/v2\/types\/page"}],"author":[{"embeddable":true,"href":"https:\/\/rosanna.gr\/demo\/plataria-sivota\/wp-json\/wp\/v2\/users\/1"}],"replies":[{"embeddable":true,"href":"https:\/\/rosanna.gr\/demo\/plataria-sivota\/wp-json\/wp\/v2\/comments?post=4182"}],"version-history":[{"count":3,"href":"https:\/\/rosanna.gr\/demo\/plataria-sivota\/wp-json\/wp\/v2\/pages\/4182\/revisions"}],"predecessor-version":[{"id":4684,"href":"https:\/\/rosanna.gr\/demo\/plataria-sivota\/wp-json\/wp\/v2\/pages\/4182\/revisions\/4684"}],"up":[{"embeddable":true,"href":"https:\/\/rosanna.gr\/demo\/plataria-sivota\/wp-json\/wp\/v2\/pages\/4191"}],"wp:featuredmedia":[{"embeddable":true,"href":"https:\/\/rosanna.gr\/demo\/plataria-sivota\/wp-json\/wp\/v2\/media\/3763"}],"wp:attachment":[{"href":"https:\/\/rosanna.gr\/demo\/plataria-sivota\/wp-json\/wp\/v2\/media?parent=4182"}],"curies":[{"name":"wp","href":"https:\/\/api.w.org\/{rel}","templated":true}]}}